{"id":36,"date":"2026-01-30T10:44:33","date_gmt":"2026-01-30T09:44:33","guid":{"rendered":"https:\/\/www.betterlight.se\/faq\/"},"modified":"2026-03-06T00:56:23","modified_gmt":"2026-03-05T23:56:23","slug":"faq","status":"publish","type":"page","link":"https:\/\/www.betterlight.se\/en\/faq\/","title":{"rendered":"FAQ"},"content":{"rendered":"<div class=\"wp-block-group alignfull is-style-ext-preset--group--natural-1--section has-background-background-color has-background has-global-padding is-layout-constrained wp-container-core-group-is-layout-e955bbaf wp-block-group-is-layout-constrained\" id=\"vanliga-fragor\" style=\"margin-top:0;margin-bottom:0;padding-top:var(--wp--preset--spacing--70);padding-bottom:var(--wp--preset--spacing--70)\">\n<div class=\"wp-block-group alignwide is-vertical is-content-justification-center is-layout-flex wp-container-core-group-is-layout-c9ee0c5a wp-block-group-is-layout-flex\">\n<div class=\"wp-block-group has-global-padding is-layout-constrained wp-container-core-group-is-layout-2287c683 wp-block-group-is-layout-constrained\">\n<h2 class=\"wp-block-heading has-text-align-center\">Skr\u00e4ddarsydda belysningsl\u00f6sningar som maximerar energieffektiviteten<\/h2>\n\n\n\n<p class=\"has-text-align-center\">H\u00e4r besvarar vi vanliga fr\u00e5gor f\u00f6r att hj\u00e4lpa dig hitta snabb och tydlig information om v\u00e5ra belysningsl\u00f6sningar.<\/p>\n<\/div>\n<\/div>\n\n\n\n<div class=\"wp-block-group alignwide has-global-padding is-content-justification-center is-layout-constrained wp-container-core-group-is-layout-8f997a6a wp-block-group-is-layout-constrained\">\n<div class=\"wp-block-group is-style-ext-preset--group--natural-1--item-card-1--align-start is-layout-flow wp-block-group-is-layout-flow is-style-ext-preset--group--natural-1--item-card-1--align-start--2\">\n<div class=\"wp-block-group is-style-default is-layout-flow wp-block-group-is-layout-flow\">\n<h3 class=\"wp-block-heading\">Hur kan BetterLight.se hj\u00e4lpa mitt f\u00f6retag med belysning?<\/h3>\n\n\n\n<p>Vi erbjuder skr\u00e4ddarsydda l\u00f6sningar som kombinerar modern teknik och design f\u00f6r att optimera b\u00e5de energif\u00f6rbrukning och arbetsmilj\u00f6.<\/p>\n<\/div>\n<\/div>\n\n\n\n<div class=\"wp-block-group is-style-ext-preset--group--natural-1--item-card-1--align-start is-layout-flow wp-block-group-is-layout-flow is-style-ext-preset--group--natural-1--item-card-1--align-start--3\">\n<div class=\"wp-block-group is-style-default is-layout-flow wp-block-group-is-layout-flow\">\n<h3 class=\"wp-block-heading\">Vilka typer av armaturer erbjuder ni?<\/h3>\n\n\n\n<p>Vi tillhandah\u00e5ller h\u00f6gkvalitativa armaturer anpassade efter era specifika behov, fr\u00e5n energieffektiva LED-l\u00f6sningar till designarmaturer.<\/p>\n<\/div>\n<\/div>\n\n\n\n<div class=\"wp-block-group is-style-ext-preset--group--natural-1--item-card-1--align-start is-layout-flow wp-block-group-is-layout-flow is-style-ext-preset--group--natural-1--item-card-1--align-start--4\">\n<div class=\"wp-block-group is-style-default is-layout-flow wp-block-group-is-layout-flow\">\n<h3 class=\"wp-block-heading\">Hur s\u00e4kerst\u00e4ller ni att era l\u00f6sningar \u00e4r energieffektiva?<\/h3>\n\n\n\n<p>Vi anv\u00e4nder den senaste tekniken och noggrann planering f\u00f6r att minimera energif\u00f6rbrukningen utan att kompromissa med ljuskvaliteten.<\/p>\n<\/div>\n<\/div>\n\n\n\n<div class=\"wp-block-group is-style-ext-preset--group--natural-1--item-card-1--align-start is-layout-flow wp-block-group-is-layout-flow is-style-ext-preset--group--natural-1--item-card-1--align-start--5\">\n<div class=\"wp-block-group is-style-default is-layout-flow wp-block-group-is-layout-flow\">\n<h3 class=\"wp-block-heading\">Kan ni hj\u00e4lpa till med installation och underh\u00e5ll?<\/h3>\n\n\n\n<p>Ja, vi erbjuder komplett support inklusive installation, service och underh\u00e5ll f\u00f6r att garantera l\u00e5ngvarig prestanda.<\/p>\n<\/div>\n<\/div>\n<\/div>\n<\/div>\n\n\n\n<div class=\"wp-block-group alignfull is-style-ext-preset--group--natural-1--section has-tertiary-background-color has-background has-global-padding is-layout-constrained wp-container-core-group-is-layout-6714b1d7 wp-block-group-is-layout-constrained\" id=\"om\" style=\"margin-top:0;margin-bottom:0;padding-top:var(--wp--preset--spacing--70);padding-bottom:var(--wp--preset--spacing--70)\">\n<div class=\"wp-block-group alignwide is-vertical is-content-justification-center is-layout-flex wp-container-core-group-is-layout-c9ee0c5a wp-block-group-is-layout-flex\">\n<div class=\"wp-block-group has-global-padding is-layout-constrained wp-container-core-group-is-layout-2287c683 wp-block-group-is-layout-constrained\">\n<h2 class=\"wp-block-heading has-text-align-center\">Optimera energianv\u00e4ndningen med BetterLight.se<\/h2>\n\n\n\n<p class=\"has-text-align-center\">BetterLight.se \u00e4r dedikerat till att skapa energieffektiva belysningsl\u00f6sningar som f\u00f6rb\u00e4ttrar arbetsmilj\u00f6er och fr\u00e4mjar h\u00e5llbarhet i varje projekt.<\/p>\n<\/div>\n<\/div>\n\n\n\n<div class=\"wp-block-columns alignwide is-layout-flex wp-container-core-columns-is-layout-28f84493 wp-block-columns-is-layout-flex\">\n<div class=\"wp-block-column is-layout-flow wp-block-column-is-layout-flow\">\n<figure class=\"wp-block-image is-style-ext-preset-image-natural-1-image-1--content-bottom is-style-ext-preset--image--natural-1--image-1--content-bottom is-style-ext-preset--image--natural-1--image-1--content-bottom--7\"><img decoding=\"async\" src=\"https:\/\/www.betterlight.se\/wp-content\/uploads\/2026\/01\/c9ee1dbb59a1c6dc8e8ba4b8870fb6f37928e5b9.jpg\" alt=\"\" class=\"wp-image-47\" style=\"aspect-ratio:3\/4;object-fit:cover\"\/><\/figure>\n<\/div>\n\n\n\n<div class=\"wp-block-column is-layout-flow wp-block-column-is-layout-flow\">\n<figure class=\"wp-block-image is-style-ext-preset-image-natural-1-image-1--content-bottom is-style-ext-preset--image--natural-1--image-1--content-bottom is-style-ext-preset--image--natural-1--image-1--content-bottom--8\"><img decoding=\"async\" width=\"960\" height=\"1440\" src=\"https:\/\/www.betterlight.se\/wp-content\/uploads\/2026\/01\/0b3c951b671c547451c1ef9cac4fc76e28c5bb05.jpg\" alt=\"\" class=\"wp-image-49\" style=\"aspect-ratio:3\/4;object-fit:cover\" srcset=\"https:\/\/www.betterlight.se\/wp-content\/uploads\/2026\/01\/0b3c951b671c547451c1ef9cac4fc76e28c5bb05.jpg 960w, https:\/\/www.betterlight.se\/wp-content\/uploads\/2026\/01\/0b3c951b671c547451c1ef9cac4fc76e28c5bb05-200x300.jpg 200w, https:\/\/www.betterlight.se\/wp-content\/uploads\/2026\/01\/0b3c951b671c547451c1ef9cac4fc76e28c5bb05-683x1024.jpg 683w, https:\/\/www.betterlight.se\/wp-content\/uploads\/2026\/01\/0b3c951b671c547451c1ef9cac4fc76e28c5bb05-768x1152.jpg 768w\" sizes=\"(max-width: 960px) 100vw, 960px\" \/><\/figure>\n<\/div>\n\n\n\n<div class=\"wp-block-column is-layout-flow wp-block-column-is-layout-flow\">\n<figure class=\"wp-block-image is-style-ext-preset-image-natural-1-image-1--content-bottom is-style-ext-preset--image--natural-1--image-1--content-bottom is-style-ext-preset--image--natural-1--image-1--content-bottom--9\"><img decoding=\"async\" width=\"961\" height=\"1440\" src=\"https:\/\/www.betterlight.se\/wp-content\/uploads\/2026\/01\/54c97a5217216a4554037aa97f4cddd63be9fd25.jpg\" alt=\"\" class=\"wp-image-51\" style=\"aspect-ratio:3\/4;object-fit:cover\" srcset=\"https:\/\/www.betterlight.se\/wp-content\/uploads\/2026\/01\/54c97a5217216a4554037aa97f4cddd63be9fd25.jpg 961w, https:\/\/www.betterlight.se\/wp-content\/uploads\/2026\/01\/54c97a5217216a4554037aa97f4cddd63be9fd25-200x300.jpg 200w, https:\/\/www.betterlight.se\/wp-content\/uploads\/2026\/01\/54c97a5217216a4554037aa97f4cddd63be9fd25-683x1024.jpg 683w, https:\/\/www.betterlight.se\/wp-content\/uploads\/2026\/01\/54c97a5217216a4554037aa97f4cddd63be9fd25-768x1151.jpg 768w\" sizes=\"(max-width: 961px) 100vw, 961px\" \/><\/figure>\n<\/div>\n<\/div>\n<\/div>","protected":false},"excerpt":{"rendered":"<p>Skr\u00e4ddarsydda belysningsl\u00f6sningar som maximerar energieffektiviteten H\u00e4r besvarar vi vanliga fr\u00e5gor f\u00f6r att hj\u00e4lpa dig hitta snabb och tydlig information om v\u00e5ra belysningsl\u00f6sningar. Hur kan BetterLight.se hj\u00e4lpa mitt f\u00f6retag med belysning? Vi erbjuder skr\u00e4ddarsydda l\u00f6sningar som kombinerar modern teknik och design f\u00f6r att optimera b\u00e5de energif\u00f6rbrukning och arbetsmilj\u00f6. Vilka typer av armaturer erbjuder ni? Vi tillhandah\u00e5ller [&hellip;]<\/p>\n","protected":false},"author":1,"featured_media":0,"parent":0,"menu_order":0,"comment_status":"closed","ping_status":"closed","template":"page-with-title","meta":{"footnotes":""},"class_list":["post-36","page","type-page","status-publish","hentry"],"aioseo_notices":[],"_links":{"self":[{"href":"https:\/\/www.betterlight.se\/en\/wp-json\/wp\/v2\/pages\/36","targetHints":{"allow":["GET"]}}],"collection":[{"href":"https:\/\/www.betterlight.se\/en\/wp-json\/wp\/v2\/pages"}],"about":[{"href":"https:\/\/www.betterlight.se\/en\/wp-json\/wp\/v2\/types\/page"}],"author":[{"embeddable":true,"href":"https:\/\/www.betterlight.se\/en\/wp-json\/wp\/v2\/users\/1"}],"replies":[{"embeddable":true,"href":"https:\/\/www.betterlight.se\/en\/wp-json\/wp\/v2\/comments?post=36"}],"version-history":[{"count":2,"href":"https:\/\/www.betterlight.se\/en\/wp-json\/wp\/v2\/pages\/36\/revisions"}],"predecessor-version":[{"id":317,"href":"https:\/\/www.betterlight.se\/en\/wp-json\/wp\/v2\/pages\/36\/revisions\/317"}],"wp:attachment":[{"href":"https:\/\/www.betterlight.se\/en\/wp-json\/wp\/v2\/media?parent=36"}],"curies":[{"name":"wp","href":"https:\/\/api.w.org\/{rel}","templated":true}]}}